{"id":3772,"date":"2020-02-29T14:41:02","date_gmt":"2020-02-29T14:41:02","guid":{"rendered":"https:\/\/firebond.store\/produto\/churrasqueira-redonda\/"},"modified":"2024-08-21T16:10:39","modified_gmt":"2024-08-21T16:10:39","slug":"barbacoa-redonda","status":"publish","type":"product","link":"https:\/\/firebond.store\/es\/produto\/barbacoa-redonda\/","title":{"rendered":"Barbacoa Redonda"},"content":{"rendered":"<p>Esta barbacoa es la soluci\u00f3n ideal para quienes gustan de hacer parrilladas en casa, en el interior o al aire libre, o simplemente para llevarla a cualquier parte y utilizarla en cualquier ocasi\u00f3n!<\/p>\n<p>Creada hace m\u00e1s de 40 a\u00f1os, con un dise\u00f1o inteligente pensado para proporcionar la mejor eficiencia energ\u00e9tica, incluyendo una doble pared ventilada alrededor del cubo para proteger del exceso de calor y un cubo con asa para que podamos transportar brasas o cenizas, esta parrilla es completa y seguro para el uso diario.<\/p>\n<p>Construida y dise\u00f1ada con materiales de alta calidad, cortada con l\u00e1ser, con detalles en lat\u00f3n y montaje \u00abartesanal\u00bb, nuestra barbacoa est\u00e1 preparada para cualquier adversidad.<\/p>\n","protected":false},"excerpt":{"rendered":"<p>Barbacoa de forma redonda, con una excelente relaci\u00f3n tama\u00f1o \u00fatil\/precio. <strong>Ideal para 2 a 4 personas.<\/strong><\/p>\n","protected":false},"featured_media":3773,"comment_status":"closed","ping_status":"closed","template":"","meta":[],"product_brand":[],"product_cat":[257,261],"product_tag":[],"class_list":{"0":"post-3772","1":"product","2":"type-product","3":"status-publish","4":"has-post-thumbnail","6":"product_cat-barbacoas","7":"product_cat-parrillas-de-barbacoa-originales","8":"product_shipping_class-churrasqueiras","10":"first","11":"instock","12":"taxable","13":"shipping-taxable","14":"purchasable","15":"product-type-variable","16":"has-default-attributes"},"yoast_head":"<!-- This site is optimized with the Yoast SEO plugin v27.3 - https:\/\/yoast.com\/product\/yoast-seo-wordpress\/ -->\n<title>Barbacoa Redonda - Firebond<\/title>\n<meta name=\"robots\" content=\"index, follow, max-snippet:-1, max-image-preview:large, max-video-preview:-1\" \/>\n<link rel=\"canonical\" href=\"https:\/\/firebond.store\/es\/produto\/barbacoa-redonda\/\" \/>\n<meta property=\"og:locale\" content=\"es_ES\" \/>\n<meta property=\"og:type\" content=\"article\" \/>\n<meta property=\"og:title\" content=\"Barbacoa Redonda - Firebond\" \/>\n<meta property=\"og:description\" content=\"Barbacoa de forma redonda, con una excelente relaci\u00f3n tama\u00f1o \u00fatil\/precio. Ideal para 2 a 4 personas.\" \/>\n<meta property=\"og:url\" content=\"https:\/\/firebond.store\/es\/produto\/barbacoa-redonda\/\" \/>\n<meta property=\"og:site_name\" content=\"Firebond\" \/>\n<meta property=\"article:publisher\" content=\"https:\/\/www.facebook.com\/firebond.store\" \/>\n<meta property=\"article:modified_time\" content=\"2024-08-21T16:10:39+00:00\" \/>\n<meta property=\"og:image\" content=\"http:\/\/firebond.store\/wp-content\/uploads\/2020\/02\/burgundy_1_original_round_grill_spolo.jpg\" \/>\n\t<meta property=\"og:image:width\" content=\"800\" \/>\n\t<meta property=\"og:image:height\" content=\"800\" \/>\n\t<meta property=\"og:image:type\" content=\"image\/jpeg\" \/>\n<meta name=\"twitter:card\" content=\"summary_large_image\" \/>\n<meta name=\"twitter:label1\" content=\"Tiempo de lectura\" \/>\n\t<meta name=\"twitter:data1\" content=\"1 minuto\" \/>\n<script type=\"application\/ld+json\" class=\"yoast-schema-graph\">{\"@context\":\"https:\\\/\\\/schema.org\",\"@graph\":[{\"@type\":\"WebPage\",\"@id\":\"https:\\\/\\\/firebond.store\\\/es\\\/produto\\\/barbacoa-redonda\\\/\",\"url\":\"https:\\\/\\\/firebond.store\\\/es\\\/produto\\\/barbacoa-redonda\\\/\",\"name\":\"Barbacoa Redonda - Firebond\",\"isPartOf\":{\"@id\":\"https:\\\/\\\/firebond.store\\\/#website\"},\"primaryImageOfPage\":{\"@id\":\"https:\\\/\\\/firebond.store\\\/es\\\/produto\\\/barbacoa-redonda\\\/#primaryimage\"},\"image\":{\"@id\":\"https:\\\/\\\/firebond.store\\\/es\\\/produto\\\/barbacoa-redonda\\\/#primaryimage\"},\"thumbnailUrl\":\"https:\\\/\\\/firebond.store\\\/wp-content\\\/uploads\\\/2020\\\/02\\\/burgundy_1_original_round_grill_spolo.jpg\",\"datePublished\":\"2020-02-29T14:41:02+00:00\",\"dateModified\":\"2024-08-21T16:10:39+00:00\",\"breadcrumb\":{\"@id\":\"https:\\\/\\\/firebond.store\\\/es\\\/produto\\\/barbacoa-redonda\\\/#breadcrumb\"},\"inLanguage\":\"es\",\"potentialAction\":[{\"@type\":\"ReadAction\",\"target\":[\"https:\\\/\\\/firebond.store\\\/es\\\/produto\\\/barbacoa-redonda\\\/\"]}]},{\"@type\":\"ImageObject\",\"inLanguage\":\"es\",\"@id\":\"https:\\\/\\\/firebond.store\\\/es\\\/produto\\\/barbacoa-redonda\\\/#primaryimage\",\"url\":\"https:\\\/\\\/firebond.store\\\/wp-content\\\/uploads\\\/2020\\\/02\\\/burgundy_1_original_round_grill_spolo.jpg\",\"contentUrl\":\"https:\\\/\\\/firebond.store\\\/wp-content\\\/uploads\\\/2020\\\/02\\\/burgundy_1_original_round_grill_spolo.jpg\",\"width\":800,\"height\":800},{\"@type\":\"BreadcrumbList\",\"@id\":\"https:\\\/\\\/firebond.store\\\/es\\\/produto\\\/barbacoa-redonda\\\/#breadcrumb\",\"itemListElement\":[{\"@type\":\"ListItem\",\"position\":1,\"name\":\"In\u00edcio\",\"item\":\"https:\\\/\\\/firebond.store\\\/es\\\/\"},{\"@type\":\"ListItem\",\"position\":2,\"name\":\"Tienda\",\"item\":\"https:\\\/\\\/firebond.store\\\/es\\\/tienda\\\/\"},{\"@type\":\"ListItem\",\"position\":3,\"name\":\"Barbacoa Redonda\"}]},{\"@type\":\"WebSite\",\"@id\":\"https:\\\/\\\/firebond.store\\\/#website\",\"url\":\"https:\\\/\\\/firebond.store\\\/\",\"name\":\"Firebond - Barbecue Grills & Accessories\",\"description\":\"\",\"publisher\":{\"@id\":\"https:\\\/\\\/firebond.store\\\/#organization\"},\"potentialAction\":[{\"@type\":\"SearchAction\",\"target\":{\"@type\":\"EntryPoint\",\"urlTemplate\":\"https:\\\/\\\/firebond.store\\\/?s={search_term_string}\"},\"query-input\":{\"@type\":\"PropertyValueSpecification\",\"valueRequired\":true,\"valueName\":\"search_term_string\"}}],\"inLanguage\":\"es\"},{\"@type\":\"Organization\",\"@id\":\"https:\\\/\\\/firebond.store\\\/#organization\",\"name\":\"Firebond\",\"url\":\"https:\\\/\\\/firebond.store\\\/\",\"logo\":{\"@type\":\"ImageObject\",\"inLanguage\":\"es\",\"@id\":\"https:\\\/\\\/firebond.store\\\/#\\\/schema\\\/logo\\\/image\\\/\",\"url\":\"https:\\\/\\\/firebond.store\\\/wp-content\\\/uploads\\\/2024\\\/07\\\/logotipo_firebond_black-e1726064778231.png\",\"contentUrl\":\"https:\\\/\\\/firebond.store\\\/wp-content\\\/uploads\\\/2024\\\/07\\\/logotipo_firebond_black-e1726064778231.png\",\"width\":707,\"height\":379,\"caption\":\"Firebond\"},\"image\":{\"@id\":\"https:\\\/\\\/firebond.store\\\/#\\\/schema\\\/logo\\\/image\\\/\"},\"sameAs\":[\"https:\\\/\\\/www.facebook.com\\\/firebond.store\",\"https:\\\/\\\/www.instagram.com\\\/firebond.store\",\"https:\\\/\\\/www.youtube.com\\\/@firebondstore\",\"https:\\\/\\\/www.pinterest.com\\\/firebondstore\"]}]}<\/script>\n<!-- \/ Yoast SEO plugin. -->","yoast_head_json":{"title":"Barbacoa Redonda - Firebond","robots":{"index":"index","follow":"follow","max-snippet":"max-snippet:-1","max-image-preview":"max-image-preview:large","max-video-preview":"max-video-preview:-1"},"canonical":"https:\/\/firebond.store\/es\/produto\/barbacoa-redonda\/","og_locale":"es_ES","og_type":"article","og_title":"Barbacoa Redonda - Firebond","og_description":"Barbacoa de forma redonda, con una excelente relaci\u00f3n tama\u00f1o \u00fatil\/precio. Ideal para 2 a 4 personas.","og_url":"https:\/\/firebond.store\/es\/produto\/barbacoa-redonda\/","og_site_name":"Firebond","article_publisher":"https:\/\/www.facebook.com\/firebond.store","article_modified_time":"2024-08-21T16:10:39+00:00","og_image":[{"width":800,"height":800,"url":"http:\/\/firebond.store\/wp-content\/uploads\/2020\/02\/burgundy_1_original_round_grill_spolo.jpg","type":"image\/jpeg"}],"twitter_card":"summary_large_image","twitter_misc":{"Tiempo de lectura":"1 minuto"},"schema":{"@context":"https:\/\/schema.org","@graph":[{"@type":"WebPage","@id":"https:\/\/firebond.store\/es\/produto\/barbacoa-redonda\/","url":"https:\/\/firebond.store\/es\/produto\/barbacoa-redonda\/","name":"Barbacoa Redonda - Firebond","isPartOf":{"@id":"https:\/\/firebond.store\/#website"},"primaryImageOfPage":{"@id":"https:\/\/firebond.store\/es\/produto\/barbacoa-redonda\/#primaryimage"},"image":{"@id":"https:\/\/firebond.store\/es\/produto\/barbacoa-redonda\/#primaryimage"},"thumbnailUrl":"https:\/\/firebond.store\/wp-content\/uploads\/2020\/02\/burgundy_1_original_round_grill_spolo.jpg","datePublished":"2020-02-29T14:41:02+00:00","dateModified":"2024-08-21T16:10:39+00:00","breadcrumb":{"@id":"https:\/\/firebond.store\/es\/produto\/barbacoa-redonda\/#breadcrumb"},"inLanguage":"es","potentialAction":[{"@type":"ReadAction","target":["https:\/\/firebond.store\/es\/produto\/barbacoa-redonda\/"]}]},{"@type":"ImageObject","inLanguage":"es","@id":"https:\/\/firebond.store\/es\/produto\/barbacoa-redonda\/#primaryimage","url":"https:\/\/firebond.store\/wp-content\/uploads\/2020\/02\/burgundy_1_original_round_grill_spolo.jpg","contentUrl":"https:\/\/firebond.store\/wp-content\/uploads\/2020\/02\/burgundy_1_original_round_grill_spolo.jpg","width":800,"height":800},{"@type":"BreadcrumbList","@id":"https:\/\/firebond.store\/es\/produto\/barbacoa-redonda\/#breadcrumb","itemListElement":[{"@type":"ListItem","position":1,"name":"In\u00edcio","item":"https:\/\/firebond.store\/es\/"},{"@type":"ListItem","position":2,"name":"Tienda","item":"https:\/\/firebond.store\/es\/tienda\/"},{"@type":"ListItem","position":3,"name":"Barbacoa Redonda"}]},{"@type":"WebSite","@id":"https:\/\/firebond.store\/#website","url":"https:\/\/firebond.store\/","name":"Firebond - Barbecue Grills & Accessories","description":"","publisher":{"@id":"https:\/\/firebond.store\/#organization"},"potentialAction":[{"@type":"SearchAction","target":{"@type":"EntryPoint","urlTemplate":"https:\/\/firebond.store\/?s={search_term_string}"},"query-input":{"@type":"PropertyValueSpecification","valueRequired":true,"valueName":"search_term_string"}}],"inLanguage":"es"},{"@type":"Organization","@id":"https:\/\/firebond.store\/#organization","name":"Firebond","url":"https:\/\/firebond.store\/","logo":{"@type":"ImageObject","inLanguage":"es","@id":"https:\/\/firebond.store\/#\/schema\/logo\/image\/","url":"https:\/\/firebond.store\/wp-content\/uploads\/2024\/07\/logotipo_firebond_black-e1726064778231.png","contentUrl":"https:\/\/firebond.store\/wp-content\/uploads\/2024\/07\/logotipo_firebond_black-e1726064778231.png","width":707,"height":379,"caption":"Firebond"},"image":{"@id":"https:\/\/firebond.store\/#\/schema\/logo\/image\/"},"sameAs":["https:\/\/www.facebook.com\/firebond.store","https:\/\/www.instagram.com\/firebond.store","https:\/\/www.youtube.com\/@firebondstore","https:\/\/www.pinterest.com\/firebondstore"]}]}},"_links":{"self":[{"href":"https:\/\/firebond.store\/es\/wp-json\/wp\/v2\/product\/3772","targetHints":{"allow":["GET"]}}],"collection":[{"href":"https:\/\/firebond.store\/es\/wp-json\/wp\/v2\/product"}],"about":[{"href":"https:\/\/firebond.store\/es\/wp-json\/wp\/v2\/types\/product"}],"replies":[{"embeddable":true,"href":"https:\/\/firebond.store\/es\/wp-json\/wp\/v2\/comments?post=3772"}],"wp:featuredmedia":[{"embeddable":true,"href":"https:\/\/firebond.store\/es\/wp-json\/wp\/v2\/media\/3773"}],"wp:attachment":[{"href":"https:\/\/firebond.store\/es\/wp-json\/wp\/v2\/media?parent=3772"}],"wp:term":[{"taxonomy":"product_brand","embeddable":true,"href":"https:\/\/firebond.store\/es\/wp-json\/wp\/v2\/product_brand?post=3772"},{"taxonomy":"product_cat","embeddable":true,"href":"https:\/\/firebond.store\/es\/wp-json\/wp\/v2\/product_cat?post=3772"},{"taxonomy":"product_tag","embeddable":true,"href":"https:\/\/firebond.store\/es\/wp-json\/wp\/v2\/product_tag?post=3772"}],"curies":[{"name":"wp","href":"https:\/\/api.w.org\/{rel}","templated":true}]}}