{"id":3560,"date":"2020-08-06T17:04:21","date_gmt":"2020-08-06T17:04:21","guid":{"rendered":"https:\/\/firebond.store\/produto\/acendedor-de-carvao-grande\/"},"modified":"2024-08-09T07:31:23","modified_gmt":"2024-08-09T07:31:23","slug":"encendedor-de-carbon-grande","status":"publish","type":"product","link":"https:\/\/firebond.store\/es\/produto\/encendedor-de-carbon-grande\/","title":{"rendered":"Encendedor de Carb\u00f3n (Grande)"},"content":{"rendered":"<p><strong>C\u00d3MO ENCENDER CARB\u00d3N?<\/strong><\/p>\n<p>Coloca las briquetas en el encendedor y col\u00f3calas sobre un quemador de la estufa de gas.<\/p>\n<p>Espera a que las briquetas est\u00e9n medianamente encendidas (de color rojizo), lo que tardar\u00e1 entre 5 y 10 minutos y luego, con cuidado o ayud\u00e1ndote de un guante, coloca las briquetas dentro de la barbacoa.<\/p>\n","protected":false},"excerpt":{"rendered":"<p>Mechero con capacidad de 2kg, fabricado en acero inoxidable con mango de madera. Ideal para encender nuestro carb\u00f3n de c\u00e1scara de coco.<\/p>\n","protected":false},"featured_media":2649,"comment_status":"closed","ping_status":"closed","template":"","meta":[],"product_brand":[],"product_cat":[249],"product_tag":[],"class_list":{"0":"post-3560","1":"product","2":"type-product","3":"status-publish","4":"has-post-thumbnail","6":"product_cat-accesorios-es","8":"first","9":"instock","10":"taxable","11":"shipping-taxable","12":"purchasable","13":"product-type-simple"},"yoast_head":"<!-- This site is optimized with the Yoast SEO plugin v27.3 - https:\/\/yoast.com\/product\/yoast-seo-wordpress\/ -->\n<title>Encendedor de Carb\u00f3n (Grande) - Firebond<\/title>\n<meta name=\"robots\" content=\"index, follow, max-snippet:-1, max-image-preview:large, max-video-preview:-1\" \/>\n<link rel=\"canonical\" href=\"https:\/\/firebond.store\/es\/produto\/encendedor-de-carbon-grande\/\" \/>\n<meta property=\"og:locale\" content=\"es_ES\" \/>\n<meta property=\"og:type\" content=\"article\" \/>\n<meta property=\"og:title\" content=\"Encendedor de Carb\u00f3n (Grande) - Firebond\" \/>\n<meta property=\"og:description\" content=\"Mechero con capacidad de 2kg, fabricado en acero inoxidable con mango de madera. Ideal para encender nuestro carb\u00f3n de c\u00e1scara de coco.\" \/>\n<meta property=\"og:url\" content=\"https:\/\/firebond.store\/es\/produto\/encendedor-de-carbon-grande\/\" \/>\n<meta property=\"og:site_name\" content=\"Firebond\" \/>\n<meta property=\"article:publisher\" content=\"https:\/\/www.facebook.com\/firebond.store\" \/>\n<meta property=\"article:modified_time\" content=\"2024-08-09T07:31:23+00:00\" \/>\n<meta property=\"og:image\" content=\"http:\/\/firebond.store\/wp-content\/uploads\/2020\/08\/acendedor_carvao_grande_spolo_grills.jpg\" \/>\n\t<meta property=\"og:image:width\" content=\"800\" \/>\n\t<meta property=\"og:image:height\" content=\"800\" \/>\n\t<meta property=\"og:image:type\" content=\"image\/jpeg\" \/>\n<meta name=\"twitter:card\" content=\"summary_large_image\" \/>\n<meta name=\"twitter:label1\" content=\"Tiempo de lectura\" \/>\n\t<meta name=\"twitter:data1\" content=\"1 minuto\" \/>\n<script type=\"application\/ld+json\" class=\"yoast-schema-graph\">{\"@context\":\"https:\\\/\\\/schema.org\",\"@graph\":[{\"@type\":\"WebPage\",\"@id\":\"https:\\\/\\\/firebond.store\\\/es\\\/produto\\\/encendedor-de-carbon-grande\\\/\",\"url\":\"https:\\\/\\\/firebond.store\\\/es\\\/produto\\\/encendedor-de-carbon-grande\\\/\",\"name\":\"Encendedor de Carb\u00f3n (Grande) - Firebond\",\"isPartOf\":{\"@id\":\"https:\\\/\\\/firebond.store\\\/#website\"},\"primaryImageOfPage\":{\"@id\":\"https:\\\/\\\/firebond.store\\\/es\\\/produto\\\/encendedor-de-carbon-grande\\\/#primaryimage\"},\"image\":{\"@id\":\"https:\\\/\\\/firebond.store\\\/es\\\/produto\\\/encendedor-de-carbon-grande\\\/#primaryimage\"},\"thumbnailUrl\":\"https:\\\/\\\/firebond.store\\\/wp-content\\\/uploads\\\/2020\\\/08\\\/acendedor_carvao_grande_spolo_grills.jpg\",\"datePublished\":\"2020-08-06T17:04:21+00:00\",\"dateModified\":\"2024-08-09T07:31:23+00:00\",\"breadcrumb\":{\"@id\":\"https:\\\/\\\/firebond.store\\\/es\\\/produto\\\/encendedor-de-carbon-grande\\\/#breadcrumb\"},\"inLanguage\":\"es\",\"potentialAction\":[{\"@type\":\"ReadAction\",\"target\":[\"https:\\\/\\\/firebond.store\\\/es\\\/produto\\\/encendedor-de-carbon-grande\\\/\"]}]},{\"@type\":\"ImageObject\",\"inLanguage\":\"es\",\"@id\":\"https:\\\/\\\/firebond.store\\\/es\\\/produto\\\/encendedor-de-carbon-grande\\\/#primaryimage\",\"url\":\"https:\\\/\\\/firebond.store\\\/wp-content\\\/uploads\\\/2020\\\/08\\\/acendedor_carvao_grande_spolo_grills.jpg\",\"contentUrl\":\"https:\\\/\\\/firebond.store\\\/wp-content\\\/uploads\\\/2020\\\/08\\\/acendedor_carvao_grande_spolo_grills.jpg\",\"width\":800,\"height\":800},{\"@type\":\"BreadcrumbList\",\"@id\":\"https:\\\/\\\/firebond.store\\\/es\\\/produto\\\/encendedor-de-carbon-grande\\\/#breadcrumb\",\"itemListElement\":[{\"@type\":\"ListItem\",\"position\":1,\"name\":\"In\u00edcio\",\"item\":\"https:\\\/\\\/firebond.store\\\/es\\\/\"},{\"@type\":\"ListItem\",\"position\":2,\"name\":\"Tienda\",\"item\":\"https:\\\/\\\/firebond.store\\\/es\\\/tienda\\\/\"},{\"@type\":\"ListItem\",\"position\":3,\"name\":\"Encendedor de Carb\u00f3n (Grande)\"}]},{\"@type\":\"WebSite\",\"@id\":\"https:\\\/\\\/firebond.store\\\/#website\",\"url\":\"https:\\\/\\\/firebond.store\\\/\",\"name\":\"Firebond - Barbecue Grills & Accessories\",\"description\":\"\",\"publisher\":{\"@id\":\"https:\\\/\\\/firebond.store\\\/#organization\"},\"potentialAction\":[{\"@type\":\"SearchAction\",\"target\":{\"@type\":\"EntryPoint\",\"urlTemplate\":\"https:\\\/\\\/firebond.store\\\/?s={search_term_string}\"},\"query-input\":{\"@type\":\"PropertyValueSpecification\",\"valueRequired\":true,\"valueName\":\"search_term_string\"}}],\"inLanguage\":\"es\"},{\"@type\":\"Organization\",\"@id\":\"https:\\\/\\\/firebond.store\\\/#organization\",\"name\":\"Firebond\",\"url\":\"https:\\\/\\\/firebond.store\\\/\",\"logo\":{\"@type\":\"ImageObject\",\"inLanguage\":\"es\",\"@id\":\"https:\\\/\\\/firebond.store\\\/#\\\/schema\\\/logo\\\/image\\\/\",\"url\":\"https:\\\/\\\/firebond.store\\\/wp-content\\\/uploads\\\/2024\\\/07\\\/logotipo_firebond_black-e1726064778231.png\",\"contentUrl\":\"https:\\\/\\\/firebond.store\\\/wp-content\\\/uploads\\\/2024\\\/07\\\/logotipo_firebond_black-e1726064778231.png\",\"width\":707,\"height\":379,\"caption\":\"Firebond\"},\"image\":{\"@id\":\"https:\\\/\\\/firebond.store\\\/#\\\/schema\\\/logo\\\/image\\\/\"},\"sameAs\":[\"https:\\\/\\\/www.facebook.com\\\/firebond.store\",\"https:\\\/\\\/www.instagram.com\\\/firebond.store\",\"https:\\\/\\\/www.youtube.com\\\/@firebondstore\",\"https:\\\/\\\/www.pinterest.com\\\/firebondstore\"]}]}<\/script>\n<!-- \/ Yoast SEO plugin. -->","yoast_head_json":{"title":"Encendedor de Carb\u00f3n (Grande) - Firebond","robots":{"index":"index","follow":"follow","max-snippet":"max-snippet:-1","max-image-preview":"max-image-preview:large","max-video-preview":"max-video-preview:-1"},"canonical":"https:\/\/firebond.store\/es\/produto\/encendedor-de-carbon-grande\/","og_locale":"es_ES","og_type":"article","og_title":"Encendedor de Carb\u00f3n (Grande) - Firebond","og_description":"Mechero con capacidad de 2kg, fabricado en acero inoxidable con mango de madera. Ideal para encender nuestro carb\u00f3n de c\u00e1scara de coco.","og_url":"https:\/\/firebond.store\/es\/produto\/encendedor-de-carbon-grande\/","og_site_name":"Firebond","article_publisher":"https:\/\/www.facebook.com\/firebond.store","article_modified_time":"2024-08-09T07:31:23+00:00","og_image":[{"width":800,"height":800,"url":"http:\/\/firebond.store\/wp-content\/uploads\/2020\/08\/acendedor_carvao_grande_spolo_grills.jpg","type":"image\/jpeg"}],"twitter_card":"summary_large_image","twitter_misc":{"Tiempo de lectura":"1 minuto"},"schema":{"@context":"https:\/\/schema.org","@graph":[{"@type":"WebPage","@id":"https:\/\/firebond.store\/es\/produto\/encendedor-de-carbon-grande\/","url":"https:\/\/firebond.store\/es\/produto\/encendedor-de-carbon-grande\/","name":"Encendedor de Carb\u00f3n (Grande) - Firebond","isPartOf":{"@id":"https:\/\/firebond.store\/#website"},"primaryImageOfPage":{"@id":"https:\/\/firebond.store\/es\/produto\/encendedor-de-carbon-grande\/#primaryimage"},"image":{"@id":"https:\/\/firebond.store\/es\/produto\/encendedor-de-carbon-grande\/#primaryimage"},"thumbnailUrl":"https:\/\/firebond.store\/wp-content\/uploads\/2020\/08\/acendedor_carvao_grande_spolo_grills.jpg","datePublished":"2020-08-06T17:04:21+00:00","dateModified":"2024-08-09T07:31:23+00:00","breadcrumb":{"@id":"https:\/\/firebond.store\/es\/produto\/encendedor-de-carbon-grande\/#breadcrumb"},"inLanguage":"es","potentialAction":[{"@type":"ReadAction","target":["https:\/\/firebond.store\/es\/produto\/encendedor-de-carbon-grande\/"]}]},{"@type":"ImageObject","inLanguage":"es","@id":"https:\/\/firebond.store\/es\/produto\/encendedor-de-carbon-grande\/#primaryimage","url":"https:\/\/firebond.store\/wp-content\/uploads\/2020\/08\/acendedor_carvao_grande_spolo_grills.jpg","contentUrl":"https:\/\/firebond.store\/wp-content\/uploads\/2020\/08\/acendedor_carvao_grande_spolo_grills.jpg","width":800,"height":800},{"@type":"BreadcrumbList","@id":"https:\/\/firebond.store\/es\/produto\/encendedor-de-carbon-grande\/#breadcrumb","itemListElement":[{"@type":"ListItem","position":1,"name":"In\u00edcio","item":"https:\/\/firebond.store\/es\/"},{"@type":"ListItem","position":2,"name":"Tienda","item":"https:\/\/firebond.store\/es\/tienda\/"},{"@type":"ListItem","position":3,"name":"Encendedor de Carb\u00f3n (Grande)"}]},{"@type":"WebSite","@id":"https:\/\/firebond.store\/#website","url":"https:\/\/firebond.store\/","name":"Firebond - Barbecue Grills & Accessories","description":"","publisher":{"@id":"https:\/\/firebond.store\/#organization"},"potentialAction":[{"@type":"SearchAction","target":{"@type":"EntryPoint","urlTemplate":"https:\/\/firebond.store\/?s={search_term_string}"},"query-input":{"@type":"PropertyValueSpecification","valueRequired":true,"valueName":"search_term_string"}}],"inLanguage":"es"},{"@type":"Organization","@id":"https:\/\/firebond.store\/#organization","name":"Firebond","url":"https:\/\/firebond.store\/","logo":{"@type":"ImageObject","inLanguage":"es","@id":"https:\/\/firebond.store\/#\/schema\/logo\/image\/","url":"https:\/\/firebond.store\/wp-content\/uploads\/2024\/07\/logotipo_firebond_black-e1726064778231.png","contentUrl":"https:\/\/firebond.store\/wp-content\/uploads\/2024\/07\/logotipo_firebond_black-e1726064778231.png","width":707,"height":379,"caption":"Firebond"},"image":{"@id":"https:\/\/firebond.store\/#\/schema\/logo\/image\/"},"sameAs":["https:\/\/www.facebook.com\/firebond.store","https:\/\/www.instagram.com\/firebond.store","https:\/\/www.youtube.com\/@firebondstore","https:\/\/www.pinterest.com\/firebondstore"]}]}},"_links":{"self":[{"href":"https:\/\/firebond.store\/es\/wp-json\/wp\/v2\/product\/3560","targetHints":{"allow":["GET"]}}],"collection":[{"href":"https:\/\/firebond.store\/es\/wp-json\/wp\/v2\/product"}],"about":[{"href":"https:\/\/firebond.store\/es\/wp-json\/wp\/v2\/types\/product"}],"replies":[{"embeddable":true,"href":"https:\/\/firebond.store\/es\/wp-json\/wp\/v2\/comments?post=3560"}],"wp:featuredmedia":[{"embeddable":true,"href":"https:\/\/firebond.store\/es\/wp-json\/wp\/v2\/media\/2649"}],"wp:attachment":[{"href":"https:\/\/firebond.store\/es\/wp-json\/wp\/v2\/media?parent=3560"}],"wp:term":[{"taxonomy":"product_brand","embeddable":true,"href":"https:\/\/firebond.store\/es\/wp-json\/wp\/v2\/product_brand?post=3560"},{"taxonomy":"product_cat","embeddable":true,"href":"https:\/\/firebond.store\/es\/wp-json\/wp\/v2\/product_cat?post=3560"},{"taxonomy":"product_tag","embeddable":true,"href":"https:\/\/firebond.store\/es\/wp-json\/wp\/v2\/product_tag?post=3560"}],"curies":[{"name":"wp","href":"https:\/\/api.w.org\/{rel}","templated":true}]}}