{"id":3680,"date":"2020-03-05T07:42:22","date_gmt":"2020-03-05T07:42:22","guid":{"rendered":"https:\/\/firebond.store\/produto\/churrasqueira-rectangular-grande\/"},"modified":"2024-08-20T18:21:30","modified_gmt":"2024-08-20T18:21:30","slug":"grosser-rechteckiger-grill","status":"publish","type":"product","link":"https:\/\/firebond.store\/de\/produto\/grosser-rechteckiger-grill\/","title":{"rendered":"Gro\u00dfer rechteckiger Grill"},"content":{"rendered":"<p>Dieser Grill ist die ideale L\u00f6sung f\u00fcr alle, die gerne zu Hause, drinnen oder drau\u00dfen grillen oder einfach \u00fcberall hin mitnehmen und bei jeder Gelegenheit verwenden m\u00f6chten!<\/p>\n<p>Dieser Grill wurde vor \u00fcber 40 Jahren entwickelt und verf\u00fcgt \u00fcber ein intelligentes Design, das die beste Energieeffizienz bietet, darunter eine doppelte bel\u00fcftete Wand um den Eimer zum Schutz vor \u00fcberm\u00e4\u00dfiger Hitze und einen Eimer mit Griff, damit wir Glut oder Asche transportieren k\u00f6nnen sicher f\u00fcr den t\u00e4glichen Gebrauch.<\/p>\n<p>Gebaut und gestaltet mit hochwertigen Materialien, lasergeschnitten, mit Messingdetails und \u201ehandgefertigter\u201c Montage ist unser Grill auf alle Widrigkeiten vorbereitet.<\/p>\n","protected":false},"excerpt":{"rendered":"<p>Rechteckiger Grill. Modell mit gr\u00f6\u00dferer Nutzfl\u00e4che. <strong>Ideal f\u00fcr 2 bis 6 Personen.<\/strong><\/p>\n","protected":false},"featured_media":3682,"comment_status":"closed","ping_status":"closed","template":"","meta":[],"product_brand":[],"product_cat":[255,259],"product_tag":[],"class_list":{"0":"post-3680","1":"product","2":"type-product","3":"status-publish","4":"has-post-thumbnail","6":"product_cat-grillen","7":"product_cat-original-barbecue-grills","8":"product_shipping_class-churrasqueiras","10":"first","11":"instock","12":"taxable","13":"shipping-taxable","14":"purchasable","15":"product-type-variable","16":"has-default-attributes"},"yoast_head":"<!-- This site is optimized with the Yoast SEO plugin v27.3 - https:\/\/yoast.com\/product\/yoast-seo-wordpress\/ -->\n<title>Gro\u00dfer rechteckiger Grill - Firebond<\/title>\n<meta name=\"robots\" content=\"index, follow, max-snippet:-1, max-image-preview:large, max-video-preview:-1\" \/>\n<link rel=\"canonical\" href=\"https:\/\/firebond.store\/de\/produto\/grosser-rechteckiger-grill\/\" \/>\n<meta property=\"og:locale\" content=\"de_DE\" \/>\n<meta property=\"og:type\" content=\"article\" \/>\n<meta property=\"og:title\" content=\"Gro\u00dfer rechteckiger Grill - Firebond\" \/>\n<meta property=\"og:description\" content=\"Rechteckiger Grill. Modell mit gr\u00f6\u00dferer Nutzfl\u00e4che. Ideal f\u00fcr 2 bis 6 Personen.\" \/>\n<meta property=\"og:url\" content=\"https:\/\/firebond.store\/de\/produto\/grosser-rechteckiger-grill\/\" \/>\n<meta property=\"og:site_name\" content=\"Firebond\" \/>\n<meta property=\"article:publisher\" content=\"https:\/\/www.facebook.com\/firebond.store\" \/>\n<meta property=\"article:modified_time\" content=\"2024-08-20T18:21:30+00:00\" \/>\n<meta property=\"og:image\" content=\"http:\/\/firebond.store\/wp-content\/uploads\/2020\/03\/burgundy_1_original_rectangular_grill_spolo.jpg\" \/>\n\t<meta property=\"og:image:width\" content=\"800\" \/>\n\t<meta property=\"og:image:height\" content=\"800\" \/>\n\t<meta property=\"og:image:type\" content=\"image\/jpeg\" \/>\n<meta name=\"twitter:card\" content=\"summary_large_image\" \/>\n<meta name=\"twitter:label1\" content=\"Gesch\u00e4tzte Lesezeit\" \/>\n\t<meta name=\"twitter:data1\" content=\"1\u00a0Minute\" \/>\n<script type=\"application\/ld+json\" class=\"yoast-schema-graph\">{\"@context\":\"https:\\\/\\\/schema.org\",\"@graph\":[{\"@type\":\"WebPage\",\"@id\":\"https:\\\/\\\/firebond.store\\\/de\\\/produto\\\/grosser-rechteckiger-grill\\\/\",\"url\":\"https:\\\/\\\/firebond.store\\\/de\\\/produto\\\/grosser-rechteckiger-grill\\\/\",\"name\":\"Gro\u00dfer rechteckiger Grill - Firebond\",\"isPartOf\":{\"@id\":\"https:\\\/\\\/firebond.store\\\/#website\"},\"primaryImageOfPage\":{\"@id\":\"https:\\\/\\\/firebond.store\\\/de\\\/produto\\\/grosser-rechteckiger-grill\\\/#primaryimage\"},\"image\":{\"@id\":\"https:\\\/\\\/firebond.store\\\/de\\\/produto\\\/grosser-rechteckiger-grill\\\/#primaryimage\"},\"thumbnailUrl\":\"https:\\\/\\\/firebond.store\\\/wp-content\\\/uploads\\\/2020\\\/03\\\/burgundy_1_original_rectangular_grill_spolo.jpg\",\"datePublished\":\"2020-03-05T07:42:22+00:00\",\"dateModified\":\"2024-08-20T18:21:30+00:00\",\"breadcrumb\":{\"@id\":\"https:\\\/\\\/firebond.store\\\/de\\\/produto\\\/grosser-rechteckiger-grill\\\/#breadcrumb\"},\"inLanguage\":\"de\",\"potentialAction\":[{\"@type\":\"ReadAction\",\"target\":[\"https:\\\/\\\/firebond.store\\\/de\\\/produto\\\/grosser-rechteckiger-grill\\\/\"]}]},{\"@type\":\"ImageObject\",\"inLanguage\":\"de\",\"@id\":\"https:\\\/\\\/firebond.store\\\/de\\\/produto\\\/grosser-rechteckiger-grill\\\/#primaryimage\",\"url\":\"https:\\\/\\\/firebond.store\\\/wp-content\\\/uploads\\\/2020\\\/03\\\/burgundy_1_original_rectangular_grill_spolo.jpg\",\"contentUrl\":\"https:\\\/\\\/firebond.store\\\/wp-content\\\/uploads\\\/2020\\\/03\\\/burgundy_1_original_rectangular_grill_spolo.jpg\",\"width\":800,\"height\":800},{\"@type\":\"BreadcrumbList\",\"@id\":\"https:\\\/\\\/firebond.store\\\/de\\\/produto\\\/grosser-rechteckiger-grill\\\/#breadcrumb\",\"itemListElement\":[{\"@type\":\"ListItem\",\"position\":1,\"name\":\"In\u00edcio\",\"item\":\"https:\\\/\\\/firebond.store\\\/de\\\/\"},{\"@type\":\"ListItem\",\"position\":2,\"name\":\"Shop\",\"item\":\"https:\\\/\\\/firebond.store\\\/de\\\/shop\\\/\"},{\"@type\":\"ListItem\",\"position\":3,\"name\":\"Gro\u00dfer rechteckiger Grill\"}]},{\"@type\":\"WebSite\",\"@id\":\"https:\\\/\\\/firebond.store\\\/#website\",\"url\":\"https:\\\/\\\/firebond.store\\\/\",\"name\":\"Firebond - Barbecue Grills & Accessories\",\"description\":\"\",\"publisher\":{\"@id\":\"https:\\\/\\\/firebond.store\\\/#organization\"},\"potentialAction\":[{\"@type\":\"SearchAction\",\"target\":{\"@type\":\"EntryPoint\",\"urlTemplate\":\"https:\\\/\\\/firebond.store\\\/?s={search_term_string}\"},\"query-input\":{\"@type\":\"PropertyValueSpecification\",\"valueRequired\":true,\"valueName\":\"search_term_string\"}}],\"inLanguage\":\"de\"},{\"@type\":\"Organization\",\"@id\":\"https:\\\/\\\/firebond.store\\\/#organization\",\"name\":\"Firebond\",\"url\":\"https:\\\/\\\/firebond.store\\\/\",\"logo\":{\"@type\":\"ImageObject\",\"inLanguage\":\"de\",\"@id\":\"https:\\\/\\\/firebond.store\\\/#\\\/schema\\\/logo\\\/image\\\/\",\"url\":\"https:\\\/\\\/firebond.store\\\/wp-content\\\/uploads\\\/2024\\\/07\\\/logotipo_firebond_black-e1726064778231.png\",\"contentUrl\":\"https:\\\/\\\/firebond.store\\\/wp-content\\\/uploads\\\/2024\\\/07\\\/logotipo_firebond_black-e1726064778231.png\",\"width\":707,\"height\":379,\"caption\":\"Firebond\"},\"image\":{\"@id\":\"https:\\\/\\\/firebond.store\\\/#\\\/schema\\\/logo\\\/image\\\/\"},\"sameAs\":[\"https:\\\/\\\/www.facebook.com\\\/firebond.store\",\"https:\\\/\\\/www.instagram.com\\\/firebond.store\",\"https:\\\/\\\/www.youtube.com\\\/@firebondstore\",\"https:\\\/\\\/www.pinterest.com\\\/firebondstore\"]}]}<\/script>\n<!-- \/ Yoast SEO plugin. -->","yoast_head_json":{"title":"Gro\u00dfer rechteckiger Grill - Firebond","robots":{"index":"index","follow":"follow","max-snippet":"max-snippet:-1","max-image-preview":"max-image-preview:large","max-video-preview":"max-video-preview:-1"},"canonical":"https:\/\/firebond.store\/de\/produto\/grosser-rechteckiger-grill\/","og_locale":"de_DE","og_type":"article","og_title":"Gro\u00dfer rechteckiger Grill - Firebond","og_description":"Rechteckiger Grill. Modell mit gr\u00f6\u00dferer Nutzfl\u00e4che. Ideal f\u00fcr 2 bis 6 Personen.","og_url":"https:\/\/firebond.store\/de\/produto\/grosser-rechteckiger-grill\/","og_site_name":"Firebond","article_publisher":"https:\/\/www.facebook.com\/firebond.store","article_modified_time":"2024-08-20T18:21:30+00:00","og_image":[{"width":800,"height":800,"url":"http:\/\/firebond.store\/wp-content\/uploads\/2020\/03\/burgundy_1_original_rectangular_grill_spolo.jpg","type":"image\/jpeg"}],"twitter_card":"summary_large_image","twitter_misc":{"Gesch\u00e4tzte Lesezeit":"1\u00a0Minute"},"schema":{"@context":"https:\/\/schema.org","@graph":[{"@type":"WebPage","@id":"https:\/\/firebond.store\/de\/produto\/grosser-rechteckiger-grill\/","url":"https:\/\/firebond.store\/de\/produto\/grosser-rechteckiger-grill\/","name":"Gro\u00dfer rechteckiger Grill - Firebond","isPartOf":{"@id":"https:\/\/firebond.store\/#website"},"primaryImageOfPage":{"@id":"https:\/\/firebond.store\/de\/produto\/grosser-rechteckiger-grill\/#primaryimage"},"image":{"@id":"https:\/\/firebond.store\/de\/produto\/grosser-rechteckiger-grill\/#primaryimage"},"thumbnailUrl":"https:\/\/firebond.store\/wp-content\/uploads\/2020\/03\/burgundy_1_original_rectangular_grill_spolo.jpg","datePublished":"2020-03-05T07:42:22+00:00","dateModified":"2024-08-20T18:21:30+00:00","breadcrumb":{"@id":"https:\/\/firebond.store\/de\/produto\/grosser-rechteckiger-grill\/#breadcrumb"},"inLanguage":"de","potentialAction":[{"@type":"ReadAction","target":["https:\/\/firebond.store\/de\/produto\/grosser-rechteckiger-grill\/"]}]},{"@type":"ImageObject","inLanguage":"de","@id":"https:\/\/firebond.store\/de\/produto\/grosser-rechteckiger-grill\/#primaryimage","url":"https:\/\/firebond.store\/wp-content\/uploads\/2020\/03\/burgundy_1_original_rectangular_grill_spolo.jpg","contentUrl":"https:\/\/firebond.store\/wp-content\/uploads\/2020\/03\/burgundy_1_original_rectangular_grill_spolo.jpg","width":800,"height":800},{"@type":"BreadcrumbList","@id":"https:\/\/firebond.store\/de\/produto\/grosser-rechteckiger-grill\/#breadcrumb","itemListElement":[{"@type":"ListItem","position":1,"name":"In\u00edcio","item":"https:\/\/firebond.store\/de\/"},{"@type":"ListItem","position":2,"name":"Shop","item":"https:\/\/firebond.store\/de\/shop\/"},{"@type":"ListItem","position":3,"name":"Gro\u00dfer rechteckiger Grill"}]},{"@type":"WebSite","@id":"https:\/\/firebond.store\/#website","url":"https:\/\/firebond.store\/","name":"Firebond - Barbecue Grills & Accessories","description":"","publisher":{"@id":"https:\/\/firebond.store\/#organization"},"potentialAction":[{"@type":"SearchAction","target":{"@type":"EntryPoint","urlTemplate":"https:\/\/firebond.store\/?s={search_term_string}"},"query-input":{"@type":"PropertyValueSpecification","valueRequired":true,"valueName":"search_term_string"}}],"inLanguage":"de"},{"@type":"Organization","@id":"https:\/\/firebond.store\/#organization","name":"Firebond","url":"https:\/\/firebond.store\/","logo":{"@type":"ImageObject","inLanguage":"de","@id":"https:\/\/firebond.store\/#\/schema\/logo\/image\/","url":"https:\/\/firebond.store\/wp-content\/uploads\/2024\/07\/logotipo_firebond_black-e1726064778231.png","contentUrl":"https:\/\/firebond.store\/wp-content\/uploads\/2024\/07\/logotipo_firebond_black-e1726064778231.png","width":707,"height":379,"caption":"Firebond"},"image":{"@id":"https:\/\/firebond.store\/#\/schema\/logo\/image\/"},"sameAs":["https:\/\/www.facebook.com\/firebond.store","https:\/\/www.instagram.com\/firebond.store","https:\/\/www.youtube.com\/@firebondstore","https:\/\/www.pinterest.com\/firebondstore"]}]}},"_links":{"self":[{"href":"https:\/\/firebond.store\/de\/wp-json\/wp\/v2\/product\/3680","targetHints":{"allow":["GET"]}}],"collection":[{"href":"https:\/\/firebond.store\/de\/wp-json\/wp\/v2\/product"}],"about":[{"href":"https:\/\/firebond.store\/de\/wp-json\/wp\/v2\/types\/product"}],"replies":[{"embeddable":true,"href":"https:\/\/firebond.store\/de\/wp-json\/wp\/v2\/comments?post=3680"}],"wp:featuredmedia":[{"embeddable":true,"href":"https:\/\/firebond.store\/de\/wp-json\/wp\/v2\/media\/3682"}],"wp:attachment":[{"href":"https:\/\/firebond.store\/de\/wp-json\/wp\/v2\/media?parent=3680"}],"wp:term":[{"taxonomy":"product_brand","embeddable":true,"href":"https:\/\/firebond.store\/de\/wp-json\/wp\/v2\/product_brand?post=3680"},{"taxonomy":"product_cat","embeddable":true,"href":"https:\/\/firebond.store\/de\/wp-json\/wp\/v2\/product_cat?post=3680"},{"taxonomy":"product_tag","embeddable":true,"href":"https:\/\/firebond.store\/de\/wp-json\/wp\/v2\/product_tag?post=3680"}],"curies":[{"name":"wp","href":"https:\/\/api.w.org\/{rel}","templated":true}]}}